{"id":1590,"date":"2024-09-05T14:07:50","date_gmt":"2024-09-05T14:07:50","guid":{"rendered":"https:\/\/betteroutcomes.health\/?page_id=1590"},"modified":"2024-09-05T14:12:26","modified_gmt":"2024-09-05T14:12:26","slug":"terms-of-use","status":"publish","type":"page","link":"https:\/\/betteroutcomes.health\/fr\/terms-of-use\/","title":{"rendered":"Modalit\u00e9s d\u2019utilisation"},"content":{"rendered":"<div data-elementor-type=\"wp-post\" data-elementor-id=\"1590\" class=\"elementor elementor-1590\">\n\t\t\t\t\t\t<section class=\"elementor-section elementor-top-section elementor-element elementor-element-27c5327 elementor-section-full_width elementor-section-height-default elementor-section-height-default\" data-id=\"27c5327\" data-element_type=\"section\" data-e-type=\"section\">\n\t\t\t\t\t\t<div class=\"elementor-container elementor-column-gap-no\">\n\t\t\t\t\t<div class=\"elementor-column elementor-col-100 elementor-top-column elementor-element elementor-element-156bfa4\" data-id=\"156bfa4\" data-element_type=\"column\" data-e-type=\"column\">\n\t\t\t<div class=\"elementor-widget-wrap elementor-element-populated\">\n\t\t\t\t\t\t<div class=\"elementor-element elementor-element-d0cf4e6 elementor-widget elementor-widget-heading\" data-id=\"d0cf4e6\" data-element_type=\"widget\" data-e-type=\"widget\" data-widget_type=\"heading.default\">\n\t\t\t\t<div class=\"elementor-widget-container\">\n\t\t\t\t\t<h2 class=\"elementor-heading-title elementor-size-default\">Terms &amp; Conditions of Use <\/h2>\t\t\t\t<\/div>\n\t\t\t\t<\/div>\n\t\t\t\t\t<\/div>\n\t\t<\/div>\n\t\t\t\t\t<\/div>\n\t\t<\/section>\n\t\t\t\t<section class=\"elementor-section elementor-top-section elementor-element elementor-element-a32fcac elementor-section-boxed elementor-section-height-default elementor-section-height-default\" data-id=\"a32fcac\" data-element_type=\"section\" data-e-type=\"section\">\n\t\t\t\t\t\t<div class=\"elementor-container elementor-column-gap-no\">\n\t\t\t\t\t<div class=\"elementor-column elementor-col-100 elementor-top-column elementor-element elementor-element-fd77bed\" data-id=\"fd77bed\" data-element_type=\"column\" data-e-type=\"column\">\n\t\t\t<div class=\"elementor-widget-wrap elementor-element-populated\">\n\t\t\t\t\t\t<div class=\"elementor-element elementor-element-d442bd6 elementor-widget elementor-widget-text-editor\" data-id=\"d442bd6\" data-element_type=\"widget\" data-e-type=\"widget\" data-widget_type=\"text-editor.default\">\n\t\t\t\t<div class=\"elementor-widget-container\">\n\t\t\t\t\t\t\t\t\t<p><strong>Bayshore Vantage &#8211; Website and Mobile Application<\/strong><\/p><p>Welcome to the Bayshore Vantage\u2122 website and mobile application (together, the \u201c<strong>Site<\/strong>\u201d).\u00a0 Bayshore HealthCare Ltd. and its affiliates (together, \u201c<strong>Bayshore<\/strong>\u201d) provide certain healthcare and home care support services to individuals across Canada (each a \u201c<strong>Client<\/strong>\u201d or \u201c<strong>you<\/strong>\u201d, and together, \u201c<strong>Clients<\/strong>\u201d).\u00a0<\/p><p>The Site is designed to provide Clients with certain digital health monitoring services (\u201c<strong>Services<\/strong>\u201d) which may assist with monitoring specific health indicators\/ vital signs and your overall health and wellbeing. \u00a0The Site is for use with your personal mobile device and\/or other Bluetooth-enabled devices\/ medical equipment, to record, track and save your uploaded health indicators\/ vital signs, and alert you as to any health indicators\/ vital signs that are outside the usual ranges of values.\u00a0<\/p><p>If you are at least the age of majority in the jurisdiction in which you will access the Site and you wish to utilize the Services, please read these terms and conditions of use and Bayshore\u2019s Privacy Policy, found at <a href=\"https:\/\/www.bayshore.ca\/privacy-policy\/\" target=\"_blank\" rel=\"noopener\">https:\/\/www.bayshore.ca\/privacy-policy\/<\/a>, incorporated herein by reference (collectively, the \u201c<strong>Terms<\/strong>\u201d) in their entirety.\u00a0 If you do not agree to the Terms, you may not access or use the Site.\u00a0<\/p><p>Upon acceptance of the Terms and the creation of a user account (if you do not already have a MyBayshoreCare\u2122 user account which has been enabled for use with this Site), you will be provided access to and use of the Site and the information and functionality therein (together, the \u201c<strong>Content<\/strong>\u201d).\u00a0 You will be required to create a username and password and to provide personal information which may include your name, date of birth, biological sex, applicable vitals (e.g. blood pressure, pulse etc.); email address, street address, postal code, and telephone number to create an account on the Site.\u00a0 The personal information that you provide shall be used solely for the purposes of: (i) the creation of your user account for the Site, (ii) provision of the Services; and (ii) contacting you in relation to your use of the Services and the Site.\u00a0 You are responsible for maintaining the confidentiality of your username and password, and for all activities that occur under these credentials. \u00a0Bayshore reserves the right to suspend or terminate your user account and your access to the Site where Bayshore has reasonable grounds to suspect that you are sharing these credentials. You agree to notify Bayshore immediately of any unauthorized use of your credentials or any other breach of security, and to ensure that you exit from your user account each time you access the Site. \u00a0Bayshore will not be liable for any loss or damage arising from its failure or your failure to protect your username, password, or any other Site account information. Please refer to Bayshore\u2019s Privacy Policy <a href=\"https:\/\/www.bayshore.ca\/privacy-policy\/\" target=\"_blank\" rel=\"noopener\">https:\/\/www.bayshore.ca\/privacy-policy\/<\/a> and direct any related privacy concerns to <a href=\"mailto:privacyofficer@bayshore.ca\">privacyofficer@bayshore.ca<\/a>.\u00a0<em style=\"color: var( --e-global-color-text ); font-weight: var( --e-global-typography-text-font-weight );\">\u00a0<\/em><\/p><p><em>The Site is NOT designed to<\/em>: (i) be a substitute for professional medical advice, or to provide any information about any diagnosis or treatment &#8211; any reliance upon information obtained through the Site is solely at your own risk, and Bayshore shall have no liability for such reliance; or (ii) be used for any purpose except as described herein.<\/p><p>You understand and agree that you will be responsible for maintaining the security of your personal mobile device and\/or other Bluetooth-enabled devices\/ medical equipment, and that you will take appropriate precautions to guard against unauthorized use.\u00a0 You also understand and agree that some features of the Site could create usage charges on your devices. You acknowledge and understand the following: you will need to have internet and data connection enabled on your mobile phone or other device and that using \u00a0\u00a0\u00a0internet may result in data charges from your mobile service provider for which you are solely responsible.\u00a0<\/p><p>Bayshore reserves the right in its sole discretion to: (i) change these Terms at any time without prior notice. Any such changes are effective immediately upon posting and your continued access to and use of the Site shall be deemed to be acceptance of the then current Terms; (ii) alter the Content of the Site; and (iii) terminate or suspend your access to the Site for any reason, including, without limitation, in the event of misuse or otherwise.<\/p><p>The Site is hosted and managed on Bayshore\u2019s behalf by a third-party service provider. The Site may also contain links to third party websites or references to products, services or publications other than those of Bayshore. These links and references are provided for your convenience only and do not imply the endorsement or approval of such websites, products, services or publications by Bayshore.<\/p><p>The Site uses cookies to collect information about usage patterns. This information is used by Bayshore to assist with tracking traffic and Site usage, and to develop Content that addresses your interests. Cookies do not contain any personal information and cannot be used to identify you personally. You may view and revise your cookie preferences through your web browser.<\/p><p>YOU UNDERSTAND AND AGREE THAT YOUR USE OF THE SITE, THE CONTENT, AND ANY SERVICES OR ITEMS FOUND OR ATTAINED THROUGH THE SITE IS AT YOUR OWN RISK. THE SITE IS PROVIDED \u201cAS IS\u201d OR \u201cAS AVAILABLE,\u201d WITH ALL FAULTS. BAYSHORE EXPRESSLY DISCLAIMS ALL WARRANTIES, EXPRESS OR IMPLIED, INCLUDING, BUT NOT LIMITED TO, THE IMPLIED WARRANTIES OF FITNESS FOR A PARTICULAR PURPOSE AND NON-INFRINGEMENT. \u00a0NEITHER BAYSHORE NOR ITS DIRECTORS, OFFICERS, EMPLOYEES, AGENTS, THIRD PARTY SERVICE PROVIDERS, OR SUCCESSORS MAKE ANY WARRANTY, REPRESENTATION, OR ENDORSEMENT WITH RESPECT TO THE COMPLETENESS, SECURITY, RELIABILITY, SUITABILITY, ACCURACY, CURRENCY OR AVAILABILITY OF THE SITE OR THE CONTENT.<\/p><p>NEITHER BAYSHORE NOR ITS DIRECTORS, OFFICERS, EMPLOYEES, AGENTS, THIRD PARTY SERVICE PROVIDERS, OR SUCCESSORS SHALL BE LIABLE FOR ANY DAMAGES, INCLUDING, WITHOUT LIMITATION, DIRECT, INCIDENTAL, CONSEQUENTIAL, INDIRECT, SPECIAL, OR PUNITIVE DAMAGES, ARISING OUT OF YOUR ACCESS TO, USE OF, OR INABILITY TO USE, OR RELIANCE ON THE SITE; ANY INACCURACIES OR OMISSIONS OF THE CONTENT OR IN RELATION TO ANY VIRUSES THAT MAY IMPACT YOUR COMPUTER SYSTEMS OR OTHERWISE; ANY OTHER CHANGES, SUSPENSIONS OR DISCONTINUANCES OF THE SITE AND THE CONTENT; OR THE CONTENT, INABILITY TO USE, THE PRIVACY PRACTICES UTILIZED OR OTHERWISE IN RELATION TO ANY THIRD PARTY WEBSITES THAT MAY BE ACCESSIBLE VIA LINKS ON THE SITE.<\/p><p>You agree to indemnify, defend and hold harmless Bayshore and its officers, directors, employees, agents, third party service providers and successors from and against all claims, liabilities, losses, expenses, damages and costs, including reasonable attorneys&#8217; fees (collectively, \u201c<strong>Losses<\/strong>\u201d) resulting from: (i) your use of or reliance on the Site and the Content; (ii) your breach or alleged breach of these Terms; (iii) your failure to comply with any applicable laws; (iv) your negligence, willful misconduct, or violations of the intellectual property or other rights of any person, including, without limitation, obscene or indecent postings; (v) any of your dealings or transactions with other persons resulting from use of the Site including, without limitation, the use of links to third party websites contained on the Site and third party service providers. You will be required to completely and fully indemnify Bayshore for any Losses.<\/p><p>The laws of the Province of Ontario and federal laws of Canada applicable therein shall govern the Terms, the Site and your use of the Site, without regard to conflicts of laws principles and the location from which you are accessing the Site. You agree to irrevocably submit to the exclusive jurisdiction of the courts located within the Province of Ontario in relation to claims arising under or related to the Site or the Terms. You waive any and all objections to the exercise of jurisdiction over you by such courts and to the venue of such courts. Bayshore\u2019s failure to exercise or enforce any right or provision of the Terms shall not constitute a waiver of such right or provision. If any provision of the Terms is held to be unlawful, void or unenforceable, then such provision shall be severable without affecting the enforceability of all remaining provisions. The Terms and Bayshore\u2019s Privacy Policy constitute the sole and entire agreement between you and Bayshore regarding the Site and supersedes all prior and contemporaneous understandings, agreements, representations and warranties, both written and oral, regarding such subject matter. \u00a0<\/p><p>Should you have any questions or concerns about these Terms, please contact the Site Administrator at Vantage@bayshoredigital.ca. \u00a0If you wish to discontinue access to the Site at any time, please notify the Site Administrator at Vantage@bayshoredigital.ca.<\/p><p><em>Bayshore Vantage\u2122, MyBayshoreCare<\/em>\u2122, <em>Bayshore HealthCare\u00ae, Bayshore\u00ae, Bayshore Home Health\u00ae, Bayshore Home Care Solutions\u2122, Bayshore HealthCare Solutions\u2122, Bayshore Specialty Rx\u00ae, Bayshore Therapy and Rehab\u00ae, Carepath\u00ae and Bayshore Integrated Care Solutions\u2122 are owned by or licensed to Bayshore.\u00a0 All elements of the Site including, without limitation, the general design and the Content, are the property of Bayshore, its licensors, or other providers of such material and are subject to intellectual property laws, including, without limitation, copyright protection. No license or right, express or implied, is granted to any person under any intellectual property rights.\u00a0 <\/em><\/p><p><em>\u00a0<\/em>Please refer to Bayshore\u2019s Privacy Policy <a href=\"https:\/\/www.bayshore.ca\/privacy-policy\/\" target=\"_blank\" rel=\"noopener\">https:\/\/www.bayshore.ca\/privacy-policy\/<\/a> and direct any related privacy concerns to <a href=\"mailto:privacyofficer@bayshore.ca\">privacyofficer@bayshore.ca<\/a>.\u00a0<\/p>\t\t\t\t\t\t\t\t<\/div>\n\t\t\t\t<\/div>\n\t\t\t\t\t<\/div>\n\t\t<\/div>\n\t\t\t\t\t<\/div>\n\t\t<\/section>\n\t\t\t\t<section class=\"elementor-section elementor-top-section elementor-element elementor-element-6004c85 elementor-section-full_width elementor-section-height-default elementor-section-height-default\" data-id=\"6004c85\" data-element_type=\"section\" data-e-type=\"section\" data-settings=\"{&quot;background_background&quot;:&quot;gradient&quot;}\">\n\t\t\t\t\t\t<div class=\"elementor-container elementor-column-gap-no\">\n\t\t\t\t\t<div class=\"elementor-column elementor-col-100 elementor-top-column elementor-element elementor-element-2dfce38\" data-id=\"2dfce38\" data-element_type=\"column\" data-e-type=\"column\" data-settings=\"{&quot;background_background&quot;:&quot;classic&quot;}\">\n\t\t\t<div class=\"elementor-widget-wrap elementor-element-populated\">\n\t\t\t\t\t\t<div class=\"elementor-element elementor-element-073ea29 e-transform elementor-align-center elementor-widget elementor-widget-bdevs-callto\" data-id=\"073ea29\" data-element_type=\"widget\" data-e-type=\"widget\" data-settings=\"{&quot;_transform_rotateZ_effect&quot;:{&quot;unit&quot;:&quot;px&quot;,&quot;size&quot;:&quot;&quot;,&quot;sizes&quot;:[]},&quot;_transform_rotateZ_effect_tablet&quot;:{&quot;unit&quot;:&quot;deg&quot;,&quot;size&quot;:&quot;&quot;,&quot;sizes&quot;:[]},&quot;_transform_rotateZ_effect_mobile&quot;:{&quot;unit&quot;:&quot;deg&quot;,&quot;size&quot;:&quot;&quot;,&quot;sizes&quot;:[]}}\" data-widget_type=\"bdevs-callto.default\">\n\t\t\t\t<div class=\"elementor-widget-container\">\n\t\t\t\t\t\r\n\t\t\r\r\n\t\t\r\n\t\t<section class=\"call-to-action pdt-50 pdb-50 bg-gradient-color\">\r\r\n\t\t\t<div class=\"container\">\r\r\n\t\t\t\t<div class=\"row\">\r\r\n\t\t\t\t\t<div class=\"col-lg-8 col-xl-8\">\r\r\n\t\t\t\t\t\t<div class=\"subscribe-content text-center text-lg-left\">\r\r\n\t\t\t\t\t\t\t\r\n\t\t\t\t\t\t\t<h3 class=\"text-white mrb-10 mrb-md-15 font-30\">Prendre en main la progression de l\u2019\u00e9tat de sant\u00e9 de vos patients gr\u00e2ce \u00e0 Vantage<\/h3>\r\r\n\t\t\t\t\t\t\t\r\n\t\t\t\t\t\t\t\r\n\t\t\t\t\t\t\t<p class=\"text-white mrb-0 mrb-md-20\">Commencez d\u00e8s aujourd\u2019hui \u00e0 cr\u00e9er des programmes personnalis\u00e9s avec des objectifs pr\u00e9cis, \u00e0 surveiller les fonctions vitales et l\u2019adh\u00e9sion au traitement et \u00e0 recevoir des alertes en cas de valeurs hors normes des fonctions vitales. <\/p>\r\r\n\t\t\t\t\t\t\t\r\n\t\t\t\t\t\t<\/div>\r\r\n\t\t\t\t\t<\/div>\r\r\n\t\t\t\t\t<div class=\"col-lg-4 col-xl-4\">\r\r\n\t\t\t\t\t\t\r\n\t\t\t\t\t\t<div class=\"action-btn text-center text-lg-right\">\r\r\n\t\t\t\t\t\t\t<a href=\"\/fr\/get-started\/\" class=\"cs-btn-one btn-light mrt-10 f-weight-700\">D\u00e9butons!<\/a>\r\r\n\t\t\t\t\t\t<\/div>\r\r\n\t\t\t\t\t\t\r\n\t\t\t\t\t<\/div>\r\r\n\t\t\t\t<\/div>\r\r\n\t\t\t<\/div>\r\r\n\t\t<\/section>\r\r\n\t\r\n\t\t\t\t\t<\/div>\n\t\t\t\t<\/div>\n\t\t\t\t\t<\/div>\n\t\t<\/div>\n\t\t\t\t\t<\/div>\n\t\t<\/section>\n\t\t\t\t<\/div>","protected":false},"excerpt":{"rendered":"<p>Terms &#038; Conditions of Use Bayshore Vantage &#8211; Website and Mobile Application Welcome to the Bayshore Vantage\u2122 website and mobile application (together, the \u201cSite\u201d).\u00a0 Bayshore HealthCare Ltd. and its affiliates (together, \u201cBayshore\u201d) provide certain healthcare and home care support services to individuals across Canada (each a \u201cClient\u201d or \u201cyou\u201d, and together, \u201cClients\u201d).\u00a0 The Site is [&hellip;]<\/p>\n","protected":false},"author":1,"featured_media":0,"parent":0,"menu_order":0,"comment_status":"closed","ping_status":"closed","template":"page-templates\/home.php","meta":{"_monsterinsights_skip_tracking":false,"_monsterinsights_sitenote_active":false,"_monsterinsights_sitenote_note":"","_monsterinsights_sitenote_category":0,"_themeisle_gutenberg_block_has_review":false,"footnotes":""},"class_list":["post-1590","page","type-page","status-publish","hentry"],"aioseo_notices":[],"_links":{"self":[{"href":"https:\/\/betteroutcomes.health\/fr\/wp-json\/wp\/v2\/pages\/1590","targetHints":{"allow":["GET"]}}],"collection":[{"href":"https:\/\/betteroutcomes.health\/fr\/wp-json\/wp\/v2\/pages"}],"about":[{"href":"https:\/\/betteroutcomes.health\/fr\/wp-json\/wp\/v2\/types\/page"}],"author":[{"embeddable":true,"href":"https:\/\/betteroutcomes.health\/fr\/wp-json\/wp\/v2\/users\/1"}],"replies":[{"embeddable":true,"href":"https:\/\/betteroutcomes.health\/fr\/wp-json\/wp\/v2\/comments?post=1590"}],"version-history":[{"count":7,"href":"https:\/\/betteroutcomes.health\/fr\/wp-json\/wp\/v2\/pages\/1590\/revisions"}],"predecessor-version":[{"id":1597,"href":"https:\/\/betteroutcomes.health\/fr\/wp-json\/wp\/v2\/pages\/1590\/revisions\/1597"}],"wp:attachment":[{"href":"https:\/\/betteroutcomes.health\/fr\/wp-json\/wp\/v2\/media?parent=1590"}],"curies":[{"name":"wp","href":"https:\/\/api.w.org\/{rel}","templated":true}]}}